{"id":8484,"date":"2017-11-15T11:04:35","date_gmt":"2017-11-15T11:04:35","guid":{"rendered":"https:\/\/totocuffaro.com\/?post_type=product&#038;p=8484"},"modified":"2024-01-30T13:58:39","modified_gmt":"2024-01-30T13:58:39","slug":"la-figlia-delle-monache-rosa-gemma","status":"publish","type":"product","link":"https:\/\/totocuffaro.com\/?product=la-figlia-delle-monache-rosa-gemma","title":{"rendered":"La figlia delle monache. Rosa Gemma"},"content":{"rendered":"<p>Ecco l\u2019uomo. La sua vita corre nella quotidianit\u00e0 fatta da mille impegni all\u2019interno di un mondo che crede di conoscere bene, perch\u00e9 lui ha saputo conquistare \u2014 al pari del valoroso Boemondo \u2014 la riconoscenza del proprio \u201cesercito\u201d. Come il crociata \u00e8 un uomo intelligente, che \u00e8 riuscito con il suo ingegno e la sua capacit\u00e0 ad emergere tra i contendenti, potendo contare anche nel sapere trovare abilmente una soluzione ad ogni difficolt\u00e0 che gli si presenta. La vita di questo uomo, di nome Jefe, diventato potente, scorre con lo stesso impeto del fiume che \u00e8 pronto alla cascata: un \u201csalto\u201d per mostrarsi a tutti. Acque schiumose che rumoreggiano annunciando il suo arrivo. Non c\u2019\u00e8 nulla che pu\u00f2 fermare quest\u2019uomo, in lui risiede la forza di credere in ci\u00f2 che fa. Un giorno si trova a varcare una porta chiusa al proprio mondo. Alte mura proteggono la vita di donne votate al Signore, che hanno deciso di vivere separate dalla \u201csociet\u00e0\u201d per trovare la propria dimensione \u201cumana\u201d, che ha uno scopo preciso ed immodificabile, la lode di Dio e la preghiera. Si tratta di un mondo che il nostro uomo pensa di conoscere, ma presto scoprir\u00e0, invece, che la sua conoscenza \u00e8 superficiale e piena di pregiudizi. Entra da potente nel convento di clausura delle suore per trovarsi presto a confrontarsi con la loro e la propria spiritualit\u00e0, rendendosi conto che dovr\u00e0 spogliarsi della propria armatura per potersi presentare agli angeli che abitano il convento, ed in particolare, all\u2019angelo Rosagemma, una bimba che il Cielo ha dato in dono alle suore.<\/p>\n<p>Anno edizione: 2017<br \/>EAN: 9788899572679<br \/>Pagine: 240<br \/>In commercio dal: 15 settembre 2017<\/p>\n","protected":false},"excerpt":{"rendered":"<p>di\u00a0Tot\u00f2 Cuffaro (Autore)<br \/>Spazio Cultura<br \/>anno: 2017<\/p>\n","protected":false},"featured_media":8555,"template":"","meta":{"_eb_attr":""},"product_cat":[53],"product_tag":[54,56,55],"class_list":{"0":"post-8484","1":"product","2":"type-product","3":"status-publish","4":"has-post-thumbnail","6":"product_cat-libri","7":"product_tag-libri","8":"product_tag-rebibbia","9":"product_tag-toto-cuffaro","11":"entry","12":"has-media","14":"first","15":"outofstock","16":"sale","17":"taxable","18":"shipping-taxable","19":"purchasable","20":"product-type-simple","21":"has-product-nav","22":"col","23":"span_1_of_3","24":"owp-content-center","25":"owp-thumbs-layout-horizontal","26":"owp-btn-normal","27":"owp-tabs-layout-horizontal","28":"has-no-thumbnails"},"yoast_head":"<!-- This site is optimized with the Yoast SEO plugin v21.9.1 - https:\/\/yoast.com\/wordpress\/plugins\/seo\/ -->\n<title>La figlia delle monache. Rosa Gemma - Tot\u00f2 Cuffaro<\/title>\n<meta name=\"robots\" content=\"index, follow, max-snippet:-1, max-image-preview:large, max-video-preview:-1\" \/>\n<link rel=\"canonical\" href=\"https:\/\/totocuffaro.com\/index.php\/prodotto\/la-figlia-delle-monache-rosa-gemma\/\" \/>\n<meta property=\"og:locale\" content=\"it_IT\" \/>\n<meta property=\"og:type\" content=\"article\" \/>\n<meta property=\"og:title\" content=\"La figlia delle monache. Rosa Gemma - Tot\u00f2 Cuffaro\" \/>\n<meta property=\"og:description\" content=\"di\u00a0Tot\u00f2 Cuffaro (Autore)Spazio Culturaanno: 2017\" \/>\n<meta property=\"og:url\" content=\"https:\/\/totocuffaro.com\/index.php\/prodotto\/la-figlia-delle-monache-rosa-gemma\/\" \/>\n<meta property=\"og:site_name\" content=\"Tot\u00f2 Cuffaro\" \/>\n<meta property=\"article:publisher\" content=\"https:\/\/www.facebook.com\/TotoCuffaroPaginaUfficiale\" \/>\n<meta property=\"article:modified_time\" content=\"2024-01-30T13:58:39+00:00\" \/>\n<meta property=\"og:image\" content=\"https:\/\/totocuffaro.com\/wp-content\/uploads\/2024\/01\/La-figlia-delle-monache.png\" \/>\n\t<meta property=\"og:image:width\" content=\"600\" \/>\n\t<meta property=\"og:image:height\" content=\"600\" \/>\n\t<meta property=\"og:image:type\" content=\"image\/png\" \/>\n<meta name=\"twitter:card\" content=\"summary_large_image\" \/>\n<meta name=\"twitter:site\" content=\"@CuffaroToto\" \/>\n<meta name=\"twitter:label1\" content=\"Tempo di lettura stimato\" \/>\n\t<meta name=\"twitter:data1\" content=\"1 minuto\" \/>\n<script type=\"application\/ld+json\" class=\"yoast-schema-graph\">{\"@context\":\"https:\/\/schema.org\",\"@graph\":[{\"@type\":\"WebPage\",\"@id\":\"https:\/\/totocuffaro.com\/index.php\/prodotto\/la-figlia-delle-monache-rosa-gemma\/\",\"url\":\"https:\/\/totocuffaro.com\/index.php\/prodotto\/la-figlia-delle-monache-rosa-gemma\/\",\"name\":\"La figlia delle monache. Rosa Gemma - Tot\u00f2 Cuffaro\",\"isPartOf\":{\"@id\":\"https:\/\/totocuffaro.com\/#website\"},\"datePublished\":\"2017-11-15T11:04:35+00:00\",\"dateModified\":\"2024-01-30T13:58:39+00:00\",\"breadcrumb\":{\"@id\":\"https:\/\/totocuffaro.com\/index.php\/prodotto\/la-figlia-delle-monache-rosa-gemma\/#breadcrumb\"},\"inLanguage\":\"it-IT\",\"potentialAction\":[{\"@type\":\"ReadAction\",\"target\":[\"https:\/\/totocuffaro.com\/index.php\/prodotto\/la-figlia-delle-monache-rosa-gemma\/\"]}]},{\"@type\":\"BreadcrumbList\",\"@id\":\"https:\/\/totocuffaro.com\/index.php\/prodotto\/la-figlia-delle-monache-rosa-gemma\/#breadcrumb\",\"itemListElement\":[{\"@type\":\"ListItem\",\"position\":1,\"name\":\"Home\",\"item\":\"https:\/\/totocuffaro.com\/\"},{\"@type\":\"ListItem\",\"position\":2,\"name\":\"Shop\",\"item\":\"https:\/\/totocuffaro.com\/?page_id=8473\"},{\"@type\":\"ListItem\",\"position\":3,\"name\":\"La figlia delle monache. Rosa Gemma\"}]},{\"@type\":\"WebSite\",\"@id\":\"https:\/\/totocuffaro.com\/#website\",\"url\":\"https:\/\/totocuffaro.com\/\",\"name\":\"Tot\u00f2 Cuffaro\",\"description\":\"Sito Ufficiale\",\"publisher\":{\"@id\":\"https:\/\/totocuffaro.com\/#organization\"},\"potentialAction\":[{\"@type\":\"SearchAction\",\"target\":{\"@type\":\"EntryPoint\",\"urlTemplate\":\"https:\/\/totocuffaro.com\/?s={search_term_string}\"},\"query-input\":\"required name=search_term_string\"}],\"inLanguage\":\"it-IT\"},{\"@type\":\"Organization\",\"@id\":\"https:\/\/totocuffaro.com\/#organization\",\"name\":\"Tot\u00f2 Cuffaro\",\"url\":\"https:\/\/totocuffaro.com\/\",\"logo\":{\"@type\":\"ImageObject\",\"inLanguage\":\"it-IT\",\"@id\":\"https:\/\/totocuffaro.com\/#\/schema\/logo\/image\/\",\"url\":\"https:\/\/totocuffaro.com\/wp-content\/uploads\/2024\/01\/SLIDER-CUFFARO-sito.jpg\",\"contentUrl\":\"https:\/\/totocuffaro.com\/wp-content\/uploads\/2024\/01\/SLIDER-CUFFARO-sito.jpg\",\"width\":1500,\"height\":844,\"caption\":\"Tot\u00f2 Cuffaro\"},\"image\":{\"@id\":\"https:\/\/totocuffaro.com\/#\/schema\/logo\/image\/\"},\"sameAs\":[\"https:\/\/www.facebook.com\/TotoCuffaroPaginaUfficiale\",\"https:\/\/twitter.com\/CuffaroToto\",\"https:\/\/www.instagram.com\/toto_cuffaro_pagina_ufficiale\/\"]}]}<\/script>\n<!-- \/ Yoast SEO plugin. -->","yoast_head_json":{"title":"La figlia delle monache. Rosa Gemma - Tot\u00f2 Cuffaro","robots":{"index":"index","follow":"follow","max-snippet":"max-snippet:-1","max-image-preview":"max-image-preview:large","max-video-preview":"max-video-preview:-1"},"canonical":"https:\/\/totocuffaro.com\/index.php\/prodotto\/la-figlia-delle-monache-rosa-gemma\/","og_locale":"it_IT","og_type":"article","og_title":"La figlia delle monache. Rosa Gemma - Tot\u00f2 Cuffaro","og_description":"di\u00a0Tot\u00f2 Cuffaro (Autore)Spazio Culturaanno: 2017","og_url":"https:\/\/totocuffaro.com\/index.php\/prodotto\/la-figlia-delle-monache-rosa-gemma\/","og_site_name":"Tot\u00f2 Cuffaro","article_publisher":"https:\/\/www.facebook.com\/TotoCuffaroPaginaUfficiale","article_modified_time":"2024-01-30T13:58:39+00:00","og_image":[{"width":600,"height":600,"url":"https:\/\/totocuffaro.com\/wp-content\/uploads\/2024\/01\/La-figlia-delle-monache.png","type":"image\/png"}],"twitter_card":"summary_large_image","twitter_site":"@CuffaroToto","twitter_misc":{"Tempo di lettura stimato":"1 minuto"},"schema":{"@context":"https:\/\/schema.org","@graph":[{"@type":"WebPage","@id":"https:\/\/totocuffaro.com\/index.php\/prodotto\/la-figlia-delle-monache-rosa-gemma\/","url":"https:\/\/totocuffaro.com\/index.php\/prodotto\/la-figlia-delle-monache-rosa-gemma\/","name":"La figlia delle monache. Rosa Gemma - Tot\u00f2 Cuffaro","isPartOf":{"@id":"https:\/\/totocuffaro.com\/#website"},"datePublished":"2017-11-15T11:04:35+00:00","dateModified":"2024-01-30T13:58:39+00:00","breadcrumb":{"@id":"https:\/\/totocuffaro.com\/index.php\/prodotto\/la-figlia-delle-monache-rosa-gemma\/#breadcrumb"},"inLanguage":"it-IT","potentialAction":[{"@type":"ReadAction","target":["https:\/\/totocuffaro.com\/index.php\/prodotto\/la-figlia-delle-monache-rosa-gemma\/"]}]},{"@type":"BreadcrumbList","@id":"https:\/\/totocuffaro.com\/index.php\/prodotto\/la-figlia-delle-monache-rosa-gemma\/#breadcrumb","itemListElement":[{"@type":"ListItem","position":1,"name":"Home","item":"https:\/\/totocuffaro.com\/"},{"@type":"ListItem","position":2,"name":"Shop","item":"https:\/\/totocuffaro.com\/?page_id=8473"},{"@type":"ListItem","position":3,"name":"La figlia delle monache. Rosa Gemma"}]},{"@type":"WebSite","@id":"https:\/\/totocuffaro.com\/#website","url":"https:\/\/totocuffaro.com\/","name":"Tot\u00f2 Cuffaro","description":"Sito Ufficiale","publisher":{"@id":"https:\/\/totocuffaro.com\/#organization"},"potentialAction":[{"@type":"SearchAction","target":{"@type":"EntryPoint","urlTemplate":"https:\/\/totocuffaro.com\/?s={search_term_string}"},"query-input":"required name=search_term_string"}],"inLanguage":"it-IT"},{"@type":"Organization","@id":"https:\/\/totocuffaro.com\/#organization","name":"Tot\u00f2 Cuffaro","url":"https:\/\/totocuffaro.com\/","logo":{"@type":"ImageObject","inLanguage":"it-IT","@id":"https:\/\/totocuffaro.com\/#\/schema\/logo\/image\/","url":"https:\/\/totocuffaro.com\/wp-content\/uploads\/2024\/01\/SLIDER-CUFFARO-sito.jpg","contentUrl":"https:\/\/totocuffaro.com\/wp-content\/uploads\/2024\/01\/SLIDER-CUFFARO-sito.jpg","width":1500,"height":844,"caption":"Tot\u00f2 Cuffaro"},"image":{"@id":"https:\/\/totocuffaro.com\/#\/schema\/logo\/image\/"},"sameAs":["https:\/\/www.facebook.com\/TotoCuffaroPaginaUfficiale","https:\/\/twitter.com\/CuffaroToto","https:\/\/www.instagram.com\/toto_cuffaro_pagina_ufficiale\/"]}]}},"jetpack_sharing_enabled":true,"_links":{"self":[{"href":"https:\/\/totocuffaro.com\/index.php?rest_route=\/wp\/v2\/product\/8484","targetHints":{"allow":["GET"]}}],"collection":[{"href":"https:\/\/totocuffaro.com\/index.php?rest_route=\/wp\/v2\/product"}],"about":[{"href":"https:\/\/totocuffaro.com\/index.php?rest_route=\/wp\/v2\/types\/product"}],"version-history":[{"count":0,"href":"https:\/\/totocuffaro.com\/index.php?rest_route=\/wp\/v2\/product\/8484\/revisions"}],"wp:featuredmedia":[{"embeddable":true,"href":"https:\/\/totocuffaro.com\/index.php?rest_route=\/wp\/v2\/media\/8555"}],"wp:attachment":[{"href":"https:\/\/totocuffaro.com\/index.php?rest_route=%2Fwp%2Fv2%2Fmedia&parent=8484"}],"wp:term":[{"taxonomy":"product_cat","embeddable":true,"href":"https:\/\/totocuffaro.com\/index.php?rest_route=%2Fwp%2Fv2%2Fproduct_cat&post=8484"},{"taxonomy":"product_tag","embeddable":true,"href":"https:\/\/totocuffaro.com\/index.php?rest_route=%2Fwp%2Fv2%2Fproduct_tag&post=8484"}],"curies":[{"name":"wp","href":"https:\/\/api.w.org\/{rel}","templated":true}]}}