{"id":8486,"date":"2024-01-30T11:11:02","date_gmt":"2024-01-30T11:11:02","guid":{"rendered":"https:\/\/totocuffaro.com\/?post_type=product&#038;p=8486"},"modified":"2024-01-30T14:51:43","modified_gmt":"2024-01-30T14:51:43","slug":"l-uomo-e-un-mendicante-che-crede-di-essere-un-re","status":"publish","type":"product","link":"https:\/\/totocuffaro.com\/?product=l-uomo-e-un-mendicante-che-crede-di-essere-un-re","title":{"rendered":"L&#8217; uomo \u00e8 un mendicante che crede di essere un re"},"content":{"rendered":"<p>&#8220;Cinque anni di galera non sono n\u00e9 pochi n\u00e9 facili da affrontare e superare, oggi posso dire di avercela fatta, ma vi assicuro, mi \u00e8 costato tanto. Ho lottato contro i duri fortilizi del carcere e contro gli assurdi rancori di certa parte della politica e non solo di essa, che non hanno mai smesso di insidiare il mio corpo e la mia mente. Per non soccombere ho utilizzato le armi del pensiero, dell\u2019amicizia, della fiducia, del rispetto per le Istituzioni, della speranza, dell\u2019amore e della Fede. Non mi sono mai perso d\u2019animo anche se ho avuto tanta paura e ho sofferto tanto. In questi 1780 giorni trascorsi in una cella, ho letto, studiato, scritto e pregato, e pi\u00f9 il tempo passava pi\u00f9 capivo, giorno dopo giorno, che le sbarre della mia prigione cedevano alla mia resistenza e alla mia ostinata voglia di vivere; sino a vedere il carcere diventare inquieto e confuso di fronte alla mia volont\u00e0, sino a vederlo rassegnarsi e persino a diventare fecondo. Oggi posso dire: ho vinto! Non era scontato che ci riuscissi. Voglio dirvi che in questa vittoria, tanto importante per me e la mia famiglia, c\u2019\u00e8 il contributo di voi che leggendo i miei libri mi siete vicini e mi avete fatto sentire utile ai miei compagni detenuti. Le cose che ho scritto non sono fuori di me e neppure diverse e sono servite a resistere: in carcere scrivere mi ha fatto vivere&#8221;. <\/p>\n<p>Anno edizione: 2015<br \/>EAN: 9788899276508<br \/>Pagine: 299<\/p>\n","protected":false},"excerpt":{"rendered":"<p>di\u00a0Tot\u00f2 Cuffaro (Autore)<br \/>Compagnia Editoriale Aliberti<br \/>anno: 2015<\/p>\n","protected":false},"featured_media":8554,"template":"","meta":{"_eb_attr":""},"product_cat":[53],"product_tag":[54,56,55],"class_list":{"0":"post-8486","1":"product","2":"type-product","3":"status-publish","4":"has-post-thumbnail","6":"product_cat-libri","7":"product_tag-libri","8":"product_tag-rebibbia","9":"product_tag-toto-cuffaro","11":"entry","12":"has-media","14":"first","15":"outofstock","16":"sale","17":"taxable","18":"shipping-taxable","19":"purchasable","20":"product-type-simple","21":"has-product-nav","22":"col","23":"span_1_of_3","24":"owp-content-center","25":"owp-thumbs-layout-horizontal","26":"owp-btn-normal","27":"owp-tabs-layout-horizontal","28":"has-no-thumbnails"},"yoast_head":"<!-- This site is optimized with the Yoast SEO plugin v21.9.1 - https:\/\/yoast.com\/wordpress\/plugins\/seo\/ -->\n<title>L&#039; uomo \u00e8 un mendicante che crede di essere un re - Tot\u00f2 Cuffaro<\/title>\n<meta name=\"robots\" content=\"index, follow, max-snippet:-1, max-image-preview:large, max-video-preview:-1\" \/>\n<link rel=\"canonical\" href=\"https:\/\/totocuffaro.com\/index.php\/prodotto\/l-uomo-e-un-mendicante-che-crede-di-essere-un-re\/\" \/>\n<meta property=\"og:locale\" content=\"it_IT\" \/>\n<meta property=\"og:type\" content=\"article\" \/>\n<meta property=\"og:title\" content=\"L&#039; uomo \u00e8 un mendicante che crede di essere un re - Tot\u00f2 Cuffaro\" \/>\n<meta property=\"og:description\" content=\"di\u00a0Tot\u00f2 Cuffaro (Autore)Compagnia Editoriale Alibertianno: 2015\" \/>\n<meta property=\"og:url\" content=\"https:\/\/totocuffaro.com\/index.php\/prodotto\/l-uomo-e-un-mendicante-che-crede-di-essere-un-re\/\" \/>\n<meta property=\"og:site_name\" content=\"Tot\u00f2 Cuffaro\" \/>\n<meta property=\"article:publisher\" content=\"https:\/\/www.facebook.com\/TotoCuffaroPaginaUfficiale\" \/>\n<meta property=\"article:modified_time\" content=\"2024-01-30T14:51:43+00:00\" \/>\n<meta property=\"og:image\" content=\"https:\/\/totocuffaro.com\/wp-content\/uploads\/2024\/01\/l-uomo-e-un-mendicante-che-crede-di-essere-un-re.png\" \/>\n\t<meta property=\"og:image:width\" content=\"600\" \/>\n\t<meta property=\"og:image:height\" content=\"600\" \/>\n\t<meta property=\"og:image:type\" content=\"image\/png\" \/>\n<meta name=\"twitter:card\" content=\"summary_large_image\" \/>\n<meta name=\"twitter:site\" content=\"@CuffaroToto\" \/>\n<meta name=\"twitter:label1\" content=\"Tempo di lettura stimato\" \/>\n\t<meta name=\"twitter:data1\" content=\"1 minuto\" \/>\n<script type=\"application\/ld+json\" class=\"yoast-schema-graph\">{\"@context\":\"https:\/\/schema.org\",\"@graph\":[{\"@type\":\"WebPage\",\"@id\":\"https:\/\/totocuffaro.com\/index.php\/prodotto\/l-uomo-e-un-mendicante-che-crede-di-essere-un-re\/\",\"url\":\"https:\/\/totocuffaro.com\/index.php\/prodotto\/l-uomo-e-un-mendicante-che-crede-di-essere-un-re\/\",\"name\":\"L' uomo \u00e8 un mendicante che crede di essere un re - Tot\u00f2 Cuffaro\",\"isPartOf\":{\"@id\":\"https:\/\/totocuffaro.com\/#website\"},\"datePublished\":\"2024-01-30T11:11:02+00:00\",\"dateModified\":\"2024-01-30T14:51:43+00:00\",\"breadcrumb\":{\"@id\":\"https:\/\/totocuffaro.com\/index.php\/prodotto\/l-uomo-e-un-mendicante-che-crede-di-essere-un-re\/#breadcrumb\"},\"inLanguage\":\"it-IT\",\"potentialAction\":[{\"@type\":\"ReadAction\",\"target\":[\"https:\/\/totocuffaro.com\/index.php\/prodotto\/l-uomo-e-un-mendicante-che-crede-di-essere-un-re\/\"]}]},{\"@type\":\"BreadcrumbList\",\"@id\":\"https:\/\/totocuffaro.com\/index.php\/prodotto\/l-uomo-e-un-mendicante-che-crede-di-essere-un-re\/#breadcrumb\",\"itemListElement\":[{\"@type\":\"ListItem\",\"position\":1,\"name\":\"Home\",\"item\":\"https:\/\/totocuffaro.com\/\"},{\"@type\":\"ListItem\",\"position\":2,\"name\":\"Shop\",\"item\":\"https:\/\/totocuffaro.com\/?page_id=8473\"},{\"@type\":\"ListItem\",\"position\":3,\"name\":\"L&#8217; uomo \u00e8 un mendicante che crede di essere un re\"}]},{\"@type\":\"WebSite\",\"@id\":\"https:\/\/totocuffaro.com\/#website\",\"url\":\"https:\/\/totocuffaro.com\/\",\"name\":\"Tot\u00f2 Cuffaro\",\"description\":\"Sito Ufficiale\",\"publisher\":{\"@id\":\"https:\/\/totocuffaro.com\/#organization\"},\"potentialAction\":[{\"@type\":\"SearchAction\",\"target\":{\"@type\":\"EntryPoint\",\"urlTemplate\":\"https:\/\/totocuffaro.com\/?s={search_term_string}\"},\"query-input\":\"required name=search_term_string\"}],\"inLanguage\":\"it-IT\"},{\"@type\":\"Organization\",\"@id\":\"https:\/\/totocuffaro.com\/#organization\",\"name\":\"Tot\u00f2 Cuffaro\",\"url\":\"https:\/\/totocuffaro.com\/\",\"logo\":{\"@type\":\"ImageObject\",\"inLanguage\":\"it-IT\",\"@id\":\"https:\/\/totocuffaro.com\/#\/schema\/logo\/image\/\",\"url\":\"https:\/\/totocuffaro.com\/wp-content\/uploads\/2024\/01\/SLIDER-CUFFARO-sito.jpg\",\"contentUrl\":\"https:\/\/totocuffaro.com\/wp-content\/uploads\/2024\/01\/SLIDER-CUFFARO-sito.jpg\",\"width\":1500,\"height\":844,\"caption\":\"Tot\u00f2 Cuffaro\"},\"image\":{\"@id\":\"https:\/\/totocuffaro.com\/#\/schema\/logo\/image\/\"},\"sameAs\":[\"https:\/\/www.facebook.com\/TotoCuffaroPaginaUfficiale\",\"https:\/\/twitter.com\/CuffaroToto\",\"https:\/\/www.instagram.com\/toto_cuffaro_pagina_ufficiale\/\"]}]}<\/script>\n<!-- \/ Yoast SEO plugin. -->","yoast_head_json":{"title":"L' uomo \u00e8 un mendicante che crede di essere un re - Tot\u00f2 Cuffaro","robots":{"index":"index","follow":"follow","max-snippet":"max-snippet:-1","max-image-preview":"max-image-preview:large","max-video-preview":"max-video-preview:-1"},"canonical":"https:\/\/totocuffaro.com\/index.php\/prodotto\/l-uomo-e-un-mendicante-che-crede-di-essere-un-re\/","og_locale":"it_IT","og_type":"article","og_title":"L' uomo \u00e8 un mendicante che crede di essere un re - Tot\u00f2 Cuffaro","og_description":"di\u00a0Tot\u00f2 Cuffaro (Autore)Compagnia Editoriale Alibertianno: 2015","og_url":"https:\/\/totocuffaro.com\/index.php\/prodotto\/l-uomo-e-un-mendicante-che-crede-di-essere-un-re\/","og_site_name":"Tot\u00f2 Cuffaro","article_publisher":"https:\/\/www.facebook.com\/TotoCuffaroPaginaUfficiale","article_modified_time":"2024-01-30T14:51:43+00:00","og_image":[{"width":600,"height":600,"url":"https:\/\/totocuffaro.com\/wp-content\/uploads\/2024\/01\/l-uomo-e-un-mendicante-che-crede-di-essere-un-re.png","type":"image\/png"}],"twitter_card":"summary_large_image","twitter_site":"@CuffaroToto","twitter_misc":{"Tempo di lettura stimato":"1 minuto"},"schema":{"@context":"https:\/\/schema.org","@graph":[{"@type":"WebPage","@id":"https:\/\/totocuffaro.com\/index.php\/prodotto\/l-uomo-e-un-mendicante-che-crede-di-essere-un-re\/","url":"https:\/\/totocuffaro.com\/index.php\/prodotto\/l-uomo-e-un-mendicante-che-crede-di-essere-un-re\/","name":"L' uomo \u00e8 un mendicante che crede di essere un re - Tot\u00f2 Cuffaro","isPartOf":{"@id":"https:\/\/totocuffaro.com\/#website"},"datePublished":"2024-01-30T11:11:02+00:00","dateModified":"2024-01-30T14:51:43+00:00","breadcrumb":{"@id":"https:\/\/totocuffaro.com\/index.php\/prodotto\/l-uomo-e-un-mendicante-che-crede-di-essere-un-re\/#breadcrumb"},"inLanguage":"it-IT","potentialAction":[{"@type":"ReadAction","target":["https:\/\/totocuffaro.com\/index.php\/prodotto\/l-uomo-e-un-mendicante-che-crede-di-essere-un-re\/"]}]},{"@type":"BreadcrumbList","@id":"https:\/\/totocuffaro.com\/index.php\/prodotto\/l-uomo-e-un-mendicante-che-crede-di-essere-un-re\/#breadcrumb","itemListElement":[{"@type":"ListItem","position":1,"name":"Home","item":"https:\/\/totocuffaro.com\/"},{"@type":"ListItem","position":2,"name":"Shop","item":"https:\/\/totocuffaro.com\/?page_id=8473"},{"@type":"ListItem","position":3,"name":"L&#8217; uomo \u00e8 un mendicante che crede di essere un re"}]},{"@type":"WebSite","@id":"https:\/\/totocuffaro.com\/#website","url":"https:\/\/totocuffaro.com\/","name":"Tot\u00f2 Cuffaro","description":"Sito Ufficiale","publisher":{"@id":"https:\/\/totocuffaro.com\/#organization"},"potentialAction":[{"@type":"SearchAction","target":{"@type":"EntryPoint","urlTemplate":"https:\/\/totocuffaro.com\/?s={search_term_string}"},"query-input":"required name=search_term_string"}],"inLanguage":"it-IT"},{"@type":"Organization","@id":"https:\/\/totocuffaro.com\/#organization","name":"Tot\u00f2 Cuffaro","url":"https:\/\/totocuffaro.com\/","logo":{"@type":"ImageObject","inLanguage":"it-IT","@id":"https:\/\/totocuffaro.com\/#\/schema\/logo\/image\/","url":"https:\/\/totocuffaro.com\/wp-content\/uploads\/2024\/01\/SLIDER-CUFFARO-sito.jpg","contentUrl":"https:\/\/totocuffaro.com\/wp-content\/uploads\/2024\/01\/SLIDER-CUFFARO-sito.jpg","width":1500,"height":844,"caption":"Tot\u00f2 Cuffaro"},"image":{"@id":"https:\/\/totocuffaro.com\/#\/schema\/logo\/image\/"},"sameAs":["https:\/\/www.facebook.com\/TotoCuffaroPaginaUfficiale","https:\/\/twitter.com\/CuffaroToto","https:\/\/www.instagram.com\/toto_cuffaro_pagina_ufficiale\/"]}]}},"jetpack_sharing_enabled":true,"_links":{"self":[{"href":"https:\/\/totocuffaro.com\/index.php?rest_route=\/wp\/v2\/product\/8486","targetHints":{"allow":["GET"]}}],"collection":[{"href":"https:\/\/totocuffaro.com\/index.php?rest_route=\/wp\/v2\/product"}],"about":[{"href":"https:\/\/totocuffaro.com\/index.php?rest_route=\/wp\/v2\/types\/product"}],"version-history":[{"count":1,"href":"https:\/\/totocuffaro.com\/index.php?rest_route=\/wp\/v2\/product\/8486\/revisions"}],"predecessor-version":[{"id":8586,"href":"https:\/\/totocuffaro.com\/index.php?rest_route=\/wp\/v2\/product\/8486\/revisions\/8586"}],"wp:featuredmedia":[{"embeddable":true,"href":"https:\/\/totocuffaro.com\/index.php?rest_route=\/wp\/v2\/media\/8554"}],"wp:attachment":[{"href":"https:\/\/totocuffaro.com\/index.php?rest_route=%2Fwp%2Fv2%2Fmedia&parent=8486"}],"wp:term":[{"taxonomy":"product_cat","embeddable":true,"href":"https:\/\/totocuffaro.com\/index.php?rest_route=%2Fwp%2Fv2%2Fproduct_cat&post=8486"},{"taxonomy":"product_tag","embeddable":true,"href":"https:\/\/totocuffaro.com\/index.php?rest_route=%2Fwp%2Fv2%2Fproduct_tag&post=8486"}],"curies":[{"name":"wp","href":"https:\/\/api.w.org\/{rel}","templated":true}]}}